{"id":1409,"date":"2024-07-31T10:00:25","date_gmt":"2024-07-31T08:00:25","guid":{"rendered":"https:\/\/www.camping-aure-pyrenees.com\/camping-pitches\/"},"modified":"2026-02-27T14:29:29","modified_gmt":"2026-02-27T13:29:29","slug":"camping-pitches","status":"publish","type":"page","link":"https:\/\/www.camping-aure-pyrenees.com\/en\/camping-pitches\/","title":{"rendered":"Locations"},"content":{"rendered":"<div class=\"diaporama-header align-full\"><div class=\"fc-galerie\"><figure class=\"fc-galerie__item\" ><picture><source srcset=\"https:\/\/www.camping-aure-pyrenees.com\/wp-content\/uploads\/2024\/12\/Bandeau-mini-420x238.jpg\" media=\"(max-width: 210px)\"><source srcset=\"https:\/\/www.camping-aure-pyrenees.com\/wp-content\/uploads\/2024\/12\/Bandeau-mini-768x435.jpg\" media=\"(max-width: 421px)\"><source srcset=\"https:\/\/www.camping-aure-pyrenees.com\/wp-content\/uploads\/2024\/12\/Bandeau-mini-1024x580.jpg\" media=\"(max-width: 1024px)\"><source srcset=\"https:\/\/www.camping-aure-pyrenees.com\/wp-content\/uploads\/2024\/12\/Bandeau-mini.jpg\" media=\"(min-width: 1025px)\"><img fetchpriority=\"high\" decoding=\"async\" width=\"450\" height=\"450\" src=\"https:\/\/www.camping-aure-pyrenees.com\/wp-content\/uploads\/2024\/12\/Bandeau-mini-210x210.jpg\" alt=\"Camping le Ruisseau \" loading=\"eager\" title=\"\"><\/picture><\/figure><\/div><div class=\"diaporama-header__inner\"><\/div><\/div><div class=\"group\"><div class=\"boutons display-flex \" style=\"justify-content:center;\"><span class=\"boutons__btn btn-resa header\" data-fc=\"\">See rates and availability<\/span><\/div><\/div><div class=\"columns sec-00 margin-top bottom-1rem\" style=\"align-items:center;\"><div class=\"columns__item fade-up\" style=\"align-self:center;\"><h1 class=\"h2\">Your campsite in the Pyrenees<\/h1><p  style=\"\"  >Shaded, partially shaded or sunny, our pitches are spacious (approx. 100m2), most with mountain views. A 4 or 6 amp electrical connection is available as an option. Your vehicle is welcome on your pitch. Parking is available for several vehicles.   <\/p><p  style=\"\"  ><em>Pets are welcome under certain conditions and accepted on presentation of vaccination certificate, at extra cost.<\/em><\/p><div class=\"boutons\"><span class=\"boutons__btn btn-resa\"><span class=\"fc-icon\"><svg xmlns=\"http:\/\/www.w3.org\/2000\/svg\"  viewBox=\"0 0 448 512\" width=\"16px\" height=\"16px\"><!--! Font Awesome Pro 6.4.2 by @fontawesome - https:\/\/fontawesome.com License - https:\/\/fontawesome.com\/license (Commercial License) Copyright 2023 Fonticons, Inc.--><path d=\"M443.3 267.3c6.2-6.2 6.2-16.4 0-22.6l-176-176c-6.2-6.2-16.4-6.2-22.6 0s-6.2 16.4 0 22.6L393.4 240 16 240c-8.8 0-16 7.2-16 16s7.2 16 16 16l377.4 0L244.7 420.7c-6.2 6.2-6.2 16.4 0 22.6s16.4 6.2 22.6 0l176-176z\"\/><\/svg><\/span>  Book my stay<\/span><a href=\"https:\/\/www.camping-aure-pyrenees.com\/wp-content\/uploads\/2024\/08\/Plan-camping-Le-Ruisseau-Gouaux.pdf\" rel=\"noreferrer noopener\" rel=\"noreferrer noopener\" target=\"_blank\" rel=\"noreferrer noopener\" rel=\"noreferrer noopener\" rel=\"noreferrer noopener\" rel=\"noreferrer noopener\" rel=\"noreferrer noopener\" rel=\"noreferrer noopener\" class=\"boutons__btn is-style-1\"><span class=\"fc-icon\"><svg xmlns=\"http:\/\/www.w3.org\/2000\/svg\"  viewBox=\"0 0 384 512\" width=\"16px\" height=\"16px\"><!--! Font Awesome Pro 6.4.2 by @fontawesome - https:\/\/fontawesome.com License - https:\/\/fontawesome.com\/license (Commercial License) Copyright 2023 Fonticons, Inc.--><path d=\"M16 480c-8.8 0-16-7.2-16-16s7.2-16 16-16H368c8.8 0 16 7.2 16 16s-7.2 16-16 16H16zM203.3 379.3c-6.2 6.2-16.4 6.2-22.6 0l-128-128c-6.2-6.2-6.2-16.4 0-22.6s16.4-6.2 22.6 0L176 329.4V224 48c0-8.8 7.2-16 16-16s16 7.2 16 16V224 329.4L308.7 228.7c6.2-6.2 16.4-6.2 22.6 0s6.2 16.4 0 22.6l-128 128z\"\/><\/svg><\/span>  Campsite map<\/a><\/div><\/div><div class=\"columns__item fade-up\" style=\"align-self:center;\"><div class=\"fc-galerie deco-gradient__left height-adapt f-carousel fc-diapo\" data-fancybox=\"gallery\"><figure class=\"fc-galerie__item f-carousel__slide\" ><picture><source srcset=\"https:\/\/www.camping-aure-pyrenees.com\/wp-content\/uploads\/2024\/12\/20230811_110551-420x315.jpg\" media=\"(max-width: 210px)\"><source srcset=\"https:\/\/www.camping-aure-pyrenees.com\/wp-content\/uploads\/2024\/12\/20230811_110551-768x576.jpg\" media=\"(max-width: 421px)\"><source srcset=\"https:\/\/www.camping-aure-pyrenees.com\/wp-content\/uploads\/2024\/12\/20230811_110551-1024x768.jpg\" media=\"(max-width: 1024px)\"><source srcset=\"https:\/\/www.camping-aure-pyrenees.com\/wp-content\/uploads\/2024\/12\/20230811_110551.jpg\" media=\"(min-width: 1025px)\"><img decoding=\"async\" width=\"450\" height=\"450\" src=\"https:\/\/www.camping-aure-pyrenees.com\/wp-content\/uploads\/2024\/12\/20230811_110551-210x210.jpg\" alt=\"Camping le Ruisseau \" loading=\"lazy\" title=\"\"><\/picture><\/figure><figure class=\"fc-galerie__item f-carousel__slide\" ><picture><source srcset=\"https:\/\/www.camping-aure-pyrenees.com\/wp-content\/uploads\/2024\/12\/20230811_112047-420x315.jpg\" media=\"(max-width: 210px)\"><source srcset=\"https:\/\/www.camping-aure-pyrenees.com\/wp-content\/uploads\/2024\/12\/20230811_112047-768x576.jpg\" media=\"(max-width: 421px)\"><source srcset=\"https:\/\/www.camping-aure-pyrenees.com\/wp-content\/uploads\/2024\/12\/20230811_112047-1024x768.jpg\" media=\"(max-width: 1024px)\"><source srcset=\"https:\/\/www.camping-aure-pyrenees.com\/wp-content\/uploads\/2024\/12\/20230811_112047.jpg\" media=\"(min-width: 1025px)\"><img decoding=\"async\" width=\"450\" height=\"450\" src=\"https:\/\/www.camping-aure-pyrenees.com\/wp-content\/uploads\/2024\/12\/20230811_112047-210x210.jpg\" alt=\"Camping le Ruisseau \" loading=\"lazy\" title=\"\"><\/picture><\/figure><figure class=\"fc-galerie__item f-carousel__slide\" ><picture><source srcset=\"https:\/\/www.camping-aure-pyrenees.com\/wp-content\/uploads\/2024\/12\/20240822_174539-420x315.jpg\" media=\"(max-width: 210px)\"><source srcset=\"https:\/\/www.camping-aure-pyrenees.com\/wp-content\/uploads\/2024\/12\/20240822_174539-768x576.jpg\" media=\"(max-width: 421px)\"><source srcset=\"https:\/\/www.camping-aure-pyrenees.com\/wp-content\/uploads\/2024\/12\/20240822_174539-1024x768.jpg\" media=\"(max-width: 1024px)\"><source srcset=\"https:\/\/www.camping-aure-pyrenees.com\/wp-content\/uploads\/2024\/12\/20240822_174539.jpg\" media=\"(min-width: 1025px)\"><img decoding=\"async\" width=\"450\" height=\"450\" src=\"https:\/\/www.camping-aure-pyrenees.com\/wp-content\/uploads\/2024\/12\/20240822_174539-210x210.jpg\" alt=\"Camping le Ruisseau \" loading=\"lazy\" title=\"\"><\/picture><\/figure><figure class=\"fc-galerie__item f-carousel__slide\" ><picture><source srcset=\"https:\/\/www.camping-aure-pyrenees.com\/wp-content\/uploads\/2024\/12\/20230811_112057-420x315.jpg\" media=\"(max-width: 210px)\"><source srcset=\"https:\/\/www.camping-aure-pyrenees.com\/wp-content\/uploads\/2024\/12\/20230811_112057-768x576.jpg\" media=\"(max-width: 421px)\"><source srcset=\"https:\/\/www.camping-aure-pyrenees.com\/wp-content\/uploads\/2024\/12\/20230811_112057-1024x768.jpg\" media=\"(max-width: 1024px)\"><source srcset=\"https:\/\/www.camping-aure-pyrenees.com\/wp-content\/uploads\/2024\/12\/20230811_112057.jpg\" media=\"(min-width: 1025px)\"><img decoding=\"async\" width=\"450\" height=\"450\" src=\"https:\/\/www.camping-aure-pyrenees.com\/wp-content\/uploads\/2024\/12\/20230811_112057-210x210.jpg\" alt=\"Camping le Ruisseau \" loading=\"lazy\" title=\"\"><\/picture><\/figure><figure class=\"fc-galerie__item f-carousel__slide\" ><picture><source srcset=\"https:\/\/www.camping-aure-pyrenees.com\/wp-content\/uploads\/2024\/12\/20240822_170610-420x315.jpg\" media=\"(max-width: 210px)\"><source srcset=\"https:\/\/www.camping-aure-pyrenees.com\/wp-content\/uploads\/2024\/12\/20240822_170610-768x576.jpg\" media=\"(max-width: 421px)\"><source srcset=\"https:\/\/www.camping-aure-pyrenees.com\/wp-content\/uploads\/2024\/12\/20240822_170610-1024x768.jpg\" media=\"(max-width: 1024px)\"><source srcset=\"https:\/\/www.camping-aure-pyrenees.com\/wp-content\/uploads\/2024\/12\/20240822_170610.jpg\" media=\"(min-width: 1025px)\"><img decoding=\"async\" width=\"450\" height=\"450\" src=\"https:\/\/www.camping-aure-pyrenees.com\/wp-content\/uploads\/2024\/12\/20240822_170610-210x210.jpg\" alt=\"Camping le Ruisseau \" loading=\"lazy\" title=\"\"><\/picture><\/figure><figure class=\"fc-galerie__item f-carousel__slide\" ><picture><source srcset=\"https:\/\/www.camping-aure-pyrenees.com\/wp-content\/uploads\/2024\/12\/20240822_170658-420x315.jpg\" media=\"(max-width: 210px)\"><source srcset=\"https:\/\/www.camping-aure-pyrenees.com\/wp-content\/uploads\/2024\/12\/20240822_170658-768x576.jpg\" media=\"(max-width: 421px)\"><source srcset=\"https:\/\/www.camping-aure-pyrenees.com\/wp-content\/uploads\/2024\/12\/20240822_170658-1024x768.jpg\" media=\"(max-width: 1024px)\"><source srcset=\"https:\/\/www.camping-aure-pyrenees.com\/wp-content\/uploads\/2024\/12\/20240822_170658.jpg\" media=\"(min-width: 1025px)\"><img decoding=\"async\" width=\"450\" height=\"450\" src=\"https:\/\/www.camping-aure-pyrenees.com\/wp-content\/uploads\/2024\/12\/20240822_170658-210x210.jpg\" alt=\"Camping le Ruisseau \" loading=\"lazy\" title=\"\"><\/picture><\/figure><figure class=\"fc-galerie__item f-carousel__slide\" ><picture><source srcset=\"https:\/\/www.camping-aure-pyrenees.com\/wp-content\/uploads\/2024\/12\/20240822_173954-420x315.jpg\" media=\"(max-width: 210px)\"><source srcset=\"https:\/\/www.camping-aure-pyrenees.com\/wp-content\/uploads\/2024\/12\/20240822_173954-768x576.jpg\" media=\"(max-width: 421px)\"><source srcset=\"https:\/\/www.camping-aure-pyrenees.com\/wp-content\/uploads\/2024\/12\/20240822_173954-1024x768.jpg\" media=\"(max-width: 1024px)\"><source srcset=\"https:\/\/www.camping-aure-pyrenees.com\/wp-content\/uploads\/2024\/12\/20240822_173954.jpg\" media=\"(min-width: 1025px)\"><img decoding=\"async\" width=\"450\" height=\"450\" src=\"https:\/\/www.camping-aure-pyrenees.com\/wp-content\/uploads\/2024\/12\/20240822_173954-210x210.jpg\" alt=\"Camping le Ruisseau \" loading=\"lazy\" title=\"\"><\/picture><\/figure><\/div><\/div><\/div>\n<ctv-availability data-product-type=\"pitch\" data-month=\"5\" data-begin-day=\"6\" data-background-color=\"#FFFFFF00\"><\/ctv-availability>\n<div class=\"fc-cover fade-up align-full\" style=\"\"><span style=\"filter: opacity(80%); background-color:var(--fond);\"><\/span><picture class=\"fc-cover__img \"><source srcset=\"https:\/\/www.camping-aure-pyrenees.com\/wp-content\/uploads\/2024\/08\/emplacement-pyrennees.jpg-420x279.webp\" media=\"(max-width: 210px)\"><source srcset=\"https:\/\/www.camping-aure-pyrenees.com\/wp-content\/uploads\/2024\/08\/emplacement-pyrennees.jpg-768x511.webp\" media=\"(max-width: 421px)\"><source srcset=\"https:\/\/www.camping-aure-pyrenees.com\/wp-content\/uploads\/2024\/08\/emplacement-pyrennees.jpg.webp\" media=\"(max-width: 1024px)\"><source srcset=\"https:\/\/www.camping-aure-pyrenees.com\/wp-content\/uploads\/2024\/08\/emplacement-pyrennees.jpg.webp\" media=\"(min-width: 1025px)\"><img loading=\"lazy\" decoding=\"async\" width=\"420\" height=\"210\" src=\"https:\/\/www.camping-aure-pyrenees.com\/wp-content\/uploads\/2024\/08\/emplacement-pyrennees.jpg-210x210.webp\" alt=\"Camping le Ruisseau \" title=\"\"><\/picture><div class=\"fc-cover__inner\" style=\"\"><h2 style=\"text-align: center;\">Your campsite in Gouaux<\/h2><p  style=\"text-align: center;\"  >During your vacation in the Hautes-Pyr\u00e9n\u00e9es, you&#8217;ll really get a breath of fresh air at Le Ruisseau campsite, close to the Arbizon peak, the N\u00e9ouvielle reserve with its sumptuous lakes, and the Rioumajou valley. This imposing and magnificent mountain, the Pic de l&#8217;Arbizon, is within easy hiking distance and offers magnificent mountain scenery. <\/p><div class=\"fc-lireplus fc-mob\"style=\"\"><p  style=\"\"  >Read more<\/p><div class=\"group\"><p  style=\"text-align: center;\"  >Spacious pitches for your family tent, caravan or motorhome. Our campsites are located near Saint-Lary-Soulan, in the heart of the Vall\u00e9e d&#8217;Aure, with plenty of opportunities for family walks and GR hikes, with difficulties to suit all levels. The campsite is also within easy reach of some great hiking trails.  <\/p><\/div><\/div><div class=\"boutons display-flex \" style=\"justify-content:center;\"><a href=\"https:\/\/www.camping-aure-pyrenees.com\/en\/mobil-homes-st-lary\/\" rel=\"noreferrer noopener\" rel=\"noreferrer noopener\" rel=\"noreferrer noopener\" rel=\"noreferrer noopener\" class=\"boutons__btn is-style-1\"><span class=\"fc-icon\"><svg xmlns=\"http:\/\/www.w3.org\/2000\/svg\"  viewBox=\"0 0 448 512\" width=\"16px\" height=\"16px\"><!--! Font Awesome Pro 6.4.2 by @fontawesome - https:\/\/fontawesome.com License - https:\/\/fontawesome.com\/license (Commercial License) Copyright 2023 Fonticons, Inc.--><path d=\"M443.3 267.3c6.2-6.2 6.2-16.4 0-22.6l-176-176c-6.2-6.2-16.4-6.2-22.6 0s-6.2 16.4 0 22.6L393.4 240 16 240c-8.8 0-16 7.2-16 16s7.2 16 16 16l377.4 0L244.7 420.7c-6.2 6.2-6.2 16.4 0 22.6s16.4 6.2 22.6 0l176-176z\"\/><\/svg><\/span>  View rentals<\/a><\/div><\/div><\/div><div class=\"columns sec-05\" style=\"align-items:center;\"><div class=\"columns__item parallax-down\" style=\"align-self:center;\"><div class=\"fc-galerie col-4 f-carousel fc-diapo\" data-fancybox=\"gallery\"><figure class=\"fc-galerie__item f-carousel__slide\" ><picture><source srcset=\"https:\/\/www.camping-aure-pyrenees.com\/wp-content\/uploads\/2024\/12\/20230811_110411-420x315.jpg\" media=\"(max-width: 210px)\"><source srcset=\"https:\/\/www.camping-aure-pyrenees.com\/wp-content\/uploads\/2024\/12\/20230811_110411-768x576.jpg\" media=\"(max-width: 421px)\"><source srcset=\"https:\/\/www.camping-aure-pyrenees.com\/wp-content\/uploads\/2024\/12\/20230811_110411-1024x768.jpg\" media=\"(max-width: 1024px)\"><source srcset=\"https:\/\/www.camping-aure-pyrenees.com\/wp-content\/uploads\/2024\/12\/20230811_110411.jpg\" media=\"(min-width: 1025px)\"><img decoding=\"async\" width=\"450\" height=\"450\" src=\"https:\/\/www.camping-aure-pyrenees.com\/wp-content\/uploads\/2024\/12\/20230811_110411-210x210.jpg\" alt=\"Camping le Ruisseau \" loading=\"lazy\" title=\"\"><\/picture><\/figure><figure class=\"fc-galerie__item f-carousel__slide\" ><picture><source srcset=\"https:\/\/www.camping-aure-pyrenees.com\/wp-content\/uploads\/2024\/12\/20240822_174107-420x315.jpg\" media=\"(max-width: 210px)\"><source srcset=\"https:\/\/www.camping-aure-pyrenees.com\/wp-content\/uploads\/2024\/12\/20240822_174107-768x576.jpg\" media=\"(max-width: 421px)\"><source srcset=\"https:\/\/www.camping-aure-pyrenees.com\/wp-content\/uploads\/2024\/12\/20240822_174107-1024x768.jpg\" media=\"(max-width: 1024px)\"><source srcset=\"https:\/\/www.camping-aure-pyrenees.com\/wp-content\/uploads\/2024\/12\/20240822_174107.jpg\" media=\"(min-width: 1025px)\"><img decoding=\"async\" width=\"450\" height=\"450\" src=\"https:\/\/www.camping-aure-pyrenees.com\/wp-content\/uploads\/2024\/12\/20240822_174107-210x210.jpg\" alt=\"Camping le Ruisseau \" loading=\"lazy\" title=\"\"><\/picture><\/figure><figure class=\"fc-galerie__item deco-gradient__bottom f-carousel__slide\" ><picture><source srcset=\"https:\/\/www.camping-aure-pyrenees.com\/wp-content\/uploads\/2024\/10\/20240822_174322-jpg-420x315.jpg\" media=\"(max-width: 210px)\"><source srcset=\"https:\/\/www.camping-aure-pyrenees.com\/wp-content\/uploads\/2024\/10\/20240822_174322-jpg-768x576.jpg\" media=\"(max-width: 421px)\"><source srcset=\"https:\/\/www.camping-aure-pyrenees.com\/wp-content\/uploads\/2024\/10\/20240822_174322-jpg-1024x768.jpg\" media=\"(max-width: 1024px)\"><source srcset=\"https:\/\/www.camping-aure-pyrenees.com\/wp-content\/uploads\/2024\/10\/20240822_174322-jpg.jpg\" media=\"(min-width: 1025px)\"><img decoding=\"async\" width=\"450\" height=\"450\" src=\"https:\/\/www.camping-aure-pyrenees.com\/wp-content\/uploads\/2024\/10\/20240822_174322-jpg-210x210.jpg\" alt=\"Camping le Ruisseau \" loading=\"lazy\" title=\"\"><\/picture><\/figure><figure class=\"fc-galerie__item f-carousel__slide\" ><picture><source srcset=\"https:\/\/www.camping-aure-pyrenees.com\/wp-content\/uploads\/2024\/12\/20240822_174211-420x315.jpg\" media=\"(max-width: 210px)\"><source srcset=\"https:\/\/www.camping-aure-pyrenees.com\/wp-content\/uploads\/2024\/12\/20240822_174211-768x576.jpg\" media=\"(max-width: 421px)\"><source srcset=\"https:\/\/www.camping-aure-pyrenees.com\/wp-content\/uploads\/2024\/12\/20240822_174211-1024x768.jpg\" media=\"(max-width: 1024px)\"><source srcset=\"https:\/\/www.camping-aure-pyrenees.com\/wp-content\/uploads\/2024\/12\/20240822_174211.jpg\" media=\"(min-width: 1025px)\"><img decoding=\"async\" width=\"450\" height=\"450\" src=\"https:\/\/www.camping-aure-pyrenees.com\/wp-content\/uploads\/2024\/12\/20240822_174211-210x210.jpg\" alt=\"Camping le Ruisseau \" loading=\"lazy\" title=\"\"><\/picture><\/figure><figure class=\"fc-galerie__item f-carousel__slide\" ><picture><source srcset=\"https:\/\/www.camping-aure-pyrenees.com\/wp-content\/uploads\/2024\/12\/20240822_174326-420x315.jpg\" media=\"(max-width: 210px)\"><source srcset=\"https:\/\/www.camping-aure-pyrenees.com\/wp-content\/uploads\/2024\/12\/20240822_174326-768x576.jpg\" media=\"(max-width: 421px)\"><source srcset=\"https:\/\/www.camping-aure-pyrenees.com\/wp-content\/uploads\/2024\/12\/20240822_174326-1024x768.jpg\" media=\"(max-width: 1024px)\"><source srcset=\"https:\/\/www.camping-aure-pyrenees.com\/wp-content\/uploads\/2024\/12\/20240822_174326.jpg\" media=\"(min-width: 1025px)\"><img decoding=\"async\" width=\"450\" height=\"450\" src=\"https:\/\/www.camping-aure-pyrenees.com\/wp-content\/uploads\/2024\/12\/20240822_174326-210x210.jpg\" alt=\"Camping le Ruisseau \" loading=\"lazy\" title=\"\"><\/picture><\/figure><\/div><\/div><div class=\"columns__item has-gris-background-color has-background\" style=\"align-self:center;background-color:var(--gris);\"><p class=\"h2\" style=\"color: var(--orange);\"  >Family vacations in the heart of nature<\/p><p  style=\"color: var(--fond);\"  >Our aim is to offer our guests an unforgettable nature experience. We are available to provide information on activities in the region or to suggest activities during the summer season. During the summer school vacations, we offer a welcome drink to introduce you to our activities, our partners and guide you in your choice of hikes\/activities.  <\/p><div class=\"fc-lireplus fc-desk\"style=\"\"><p  style=\"color: var(--fond);\"  >Read more<\/p><div class=\"group\"><p  style=\"color: var(--fond);\"  >We prepare a list of hiking spots for you, and update it regularly according to your needs and wishes. We have the contact details of mountain leaders, guides and instructors to accompany you on your activities. <\/p><p  style=\"color: var(--fond);\"  >Leisure facilities at the campsite: Children&#8217;s play areas with swings and slides, ping-pong tables, table footballs for young and old, and homeball&#8230; We lend you balls, rackets and balls. Other games are available at reception. <\/p><p  style=\"color: var(--fond);\" id=\"481\" >Visit our <a style=\"color: var(--fond);\" href=\"https:\/\/www.camping-aure-pyrenees.com\/en\/camping-familial-pyrenees\/\" data-type=\"page\" data-id=\"481\">camping equipment page<\/a> to find out more.<\/p><\/div><\/div><\/div><\/div>","protected":false},"excerpt":{"rendered":"<p>Your campsite in the Pyrenees Shaded, partially shaded or sunny, our pitches are spacious (approx. 100m2), most with mountain views. A 4 or 6 amp electrical connection is available as an option. Your vehicle is welcome on your pitch. Parking is available for several vehicles. Pets are welcome under certain conditions and accepted on presentation [&hellip;]<\/p>\n","protected":false},"author":1,"featured_media":0,"parent":0,"menu_order":0,"comment_status":"closed","ping_status":"closed","template":"","meta":{"_acf_changed":false,"footnotes":""},"acf":[],"_links":{"self":[{"href":"https:\/\/www.camping-aure-pyrenees.com\/en\/wp-json\/wp\/v2\/pages\/1409"}],"collection":[{"href":"https:\/\/www.camping-aure-pyrenees.com\/en\/wp-json\/wp\/v2\/pages"}],"about":[{"href":"https:\/\/www.camping-aure-pyrenees.com\/en\/wp-json\/wp\/v2\/types\/page"}],"author":[{"embeddable":true,"href":"https:\/\/www.camping-aure-pyrenees.com\/en\/wp-json\/wp\/v2\/users\/1"}],"replies":[{"embeddable":true,"href":"https:\/\/www.camping-aure-pyrenees.com\/en\/wp-json\/wp\/v2\/comments?post=1409"}],"version-history":[{"count":10,"href":"https:\/\/www.camping-aure-pyrenees.com\/en\/wp-json\/wp\/v2\/pages\/1409\/revisions"}],"predecessor-version":[{"id":3016,"href":"https:\/\/www.camping-aure-pyrenees.com\/en\/wp-json\/wp\/v2\/pages\/1409\/revisions\/3016"}],"wp:attachment":[{"href":"https:\/\/www.camping-aure-pyrenees.com\/en\/wp-json\/wp\/v2\/media?parent=1409"}],"curies":[{"name":"wp","href":"https:\/\/api.w.org\/{rel}","templated":true}]}}