{"id":1405,"date":"2024-07-31T10:00:25","date_gmt":"2024-07-31T08:00:25","guid":{"rendered":"https:\/\/www.camping-aure-pyrenees.com\/parcelas-de-acampada\/"},"modified":"2026-02-27T14:29:51","modified_gmt":"2026-02-27T13:29:51","slug":"parcelas-de-acampada","status":"publish","type":"page","link":"https:\/\/www.camping-aure-pyrenees.com\/es\/parcelas-de-acampada\/","title":{"rendered":"Localizaciones"},"content":{"rendered":"<div class=\"diaporama-header align-full\"><div class=\"fc-galerie\"><figure class=\"fc-galerie__item\" ><picture><source srcset=\"https:\/\/www.camping-aure-pyrenees.com\/wp-content\/uploads\/2024\/12\/Bandeau-mini-420x238.jpg\" media=\"(max-width: 210px)\"><source srcset=\"https:\/\/www.camping-aure-pyrenees.com\/wp-content\/uploads\/2024\/12\/Bandeau-mini-768x435.jpg\" media=\"(max-width: 421px)\"><source srcset=\"https:\/\/www.camping-aure-pyrenees.com\/wp-content\/uploads\/2024\/12\/Bandeau-mini-1024x580.jpg\" media=\"(max-width: 1024px)\"><source srcset=\"https:\/\/www.camping-aure-pyrenees.com\/wp-content\/uploads\/2024\/12\/Bandeau-mini.jpg\" media=\"(min-width: 1025px)\"><img fetchpriority=\"high\" decoding=\"async\" width=\"450\" height=\"450\" src=\"https:\/\/www.camping-aure-pyrenees.com\/wp-content\/uploads\/2024\/12\/Bandeau-mini-210x210.jpg\" alt=\"Camping le Ruisseau \" loading=\"eager\" title=\"\"><\/picture><\/figure><\/div><div class=\"diaporama-header__inner\"><\/div><\/div><div class=\"group\"><div class=\"boutons display-flex \" style=\"justify-content:center;\"><span class=\"boutons__btn btn-resa header\" data-fc=\"\">Ver tarifas y disponibilidad<\/span><\/div><\/div><div class=\"columns sec-00 margin-top bottom-1rem\" style=\"align-items:center;\"><div class=\"columns__item fade-up\" style=\"align-self:center;\"><h1 class=\"h2\">Tu parcela de camping en los Pirineos<\/h1><p  style=\"\"  >Sombreadas, parcialmente sombreadas o soleadas, nuestras parcelas son espaciosas (unos 100m2), y la mayor\u00eda tienen vistas a las monta\u00f1as. Disponemos opcionalmente de conexi\u00f3n el\u00e9ctrica de 4 \u00f3 6 amperios. Tu veh\u00edculo es bienvenido en tu parcela. Hay aparcamiento para varios veh\u00edculos.   <\/p><p  style=\"\"  ><em>Las mascotas son bienvenidas bajo ciertas condiciones y se aceptan previa presentaci\u00f3n del certificado de vacunaci\u00f3n, con un coste adicional.<\/em><\/p><div class=\"boutons\"><span class=\"boutons__btn btn-resa\"><span class=\"fc-icon\"><svg xmlns=\"http:\/\/www.w3.org\/2000\/svg\"  viewBox=\"0 0 448 512\" width=\"16px\" height=\"16px\"><!--! Font Awesome Pro 6.4.2 by @fontawesome - https:\/\/fontawesome.com License - https:\/\/fontawesome.com\/license (Commercial License) Copyright 2023 Fonticons, Inc.--><path d=\"M443.3 267.3c6.2-6.2 6.2-16.4 0-22.6l-176-176c-6.2-6.2-16.4-6.2-22.6 0s-6.2 16.4 0 22.6L393.4 240 16 240c-8.8 0-16 7.2-16 16s7.2 16 16 16l377.4 0L244.7 420.7c-6.2 6.2-6.2 16.4 0 22.6s16.4 6.2 22.6 0l176-176z\"\/><\/svg><\/span>  Reservar mi estancia<\/span><a href=\"https:\/\/www.camping-aure-pyrenees.com\/wp-content\/uploads\/2024\/08\/Plan-camping-Le-Ruisseau-Gouaux.pdf\" rel=\"noreferrer noopener\" rel=\"noreferrer noopener\" target=\"_blank\" rel=\"noreferrer noopener\" rel=\"noreferrer noopener\" rel=\"noreferrer noopener\" rel=\"noreferrer noopener\" rel=\"noreferrer noopener\" rel=\"noreferrer noopener\" class=\"boutons__btn is-style-1\"><span class=\"fc-icon\"><svg xmlns=\"http:\/\/www.w3.org\/2000\/svg\"  viewBox=\"0 0 384 512\" width=\"16px\" height=\"16px\"><!--! Font Awesome Pro 6.4.2 by @fontawesome - https:\/\/fontawesome.com License - https:\/\/fontawesome.com\/license (Commercial License) Copyright 2023 Fonticons, Inc.--><path d=\"M16 480c-8.8 0-16-7.2-16-16s7.2-16 16-16H368c8.8 0 16 7.2 16 16s-7.2 16-16 16H16zM203.3 379.3c-6.2 6.2-16.4 6.2-22.6 0l-128-128c-6.2-6.2-6.2-16.4 0-22.6s16.4-6.2 22.6 0L176 329.4V224 48c0-8.8 7.2-16 16-16s16 7.2 16 16V224 329.4L308.7 228.7c6.2-6.2 16.4-6.2 22.6 0s6.2 16.4 0 22.6l-128 128z\"\/><\/svg><\/span>  Mapa del camping<\/a><\/div><\/div><div class=\"columns__item fade-up\" style=\"align-self:center;\"><div class=\"fc-galerie deco-gradient__left height-adapt f-carousel fc-diapo\" data-fancybox=\"gallery\"><figure class=\"fc-galerie__item f-carousel__slide\" ><picture><source srcset=\"https:\/\/www.camping-aure-pyrenees.com\/wp-content\/uploads\/2024\/12\/20230811_110551-420x315.jpg\" media=\"(max-width: 210px)\"><source srcset=\"https:\/\/www.camping-aure-pyrenees.com\/wp-content\/uploads\/2024\/12\/20230811_110551-768x576.jpg\" media=\"(max-width: 421px)\"><source srcset=\"https:\/\/www.camping-aure-pyrenees.com\/wp-content\/uploads\/2024\/12\/20230811_110551-1024x768.jpg\" media=\"(max-width: 1024px)\"><source srcset=\"https:\/\/www.camping-aure-pyrenees.com\/wp-content\/uploads\/2024\/12\/20230811_110551.jpg\" media=\"(min-width: 1025px)\"><img decoding=\"async\" width=\"450\" height=\"450\" src=\"https:\/\/www.camping-aure-pyrenees.com\/wp-content\/uploads\/2024\/12\/20230811_110551-210x210.jpg\" alt=\"Camping le Ruisseau \" loading=\"lazy\" title=\"\"><\/picture><\/figure><figure class=\"fc-galerie__item f-carousel__slide\" ><picture><source srcset=\"https:\/\/www.camping-aure-pyrenees.com\/wp-content\/uploads\/2024\/12\/20230811_112047-420x315.jpg\" media=\"(max-width: 210px)\"><source srcset=\"https:\/\/www.camping-aure-pyrenees.com\/wp-content\/uploads\/2024\/12\/20230811_112047-768x576.jpg\" media=\"(max-width: 421px)\"><source srcset=\"https:\/\/www.camping-aure-pyrenees.com\/wp-content\/uploads\/2024\/12\/20230811_112047-1024x768.jpg\" media=\"(max-width: 1024px)\"><source srcset=\"https:\/\/www.camping-aure-pyrenees.com\/wp-content\/uploads\/2024\/12\/20230811_112047.jpg\" media=\"(min-width: 1025px)\"><img decoding=\"async\" width=\"450\" height=\"450\" src=\"https:\/\/www.camping-aure-pyrenees.com\/wp-content\/uploads\/2024\/12\/20230811_112047-210x210.jpg\" alt=\"Camping le Ruisseau \" loading=\"lazy\" title=\"\"><\/picture><\/figure><figure class=\"fc-galerie__item f-carousel__slide\" ><picture><source srcset=\"https:\/\/www.camping-aure-pyrenees.com\/wp-content\/uploads\/2024\/12\/20240822_174539-420x315.jpg\" media=\"(max-width: 210px)\"><source srcset=\"https:\/\/www.camping-aure-pyrenees.com\/wp-content\/uploads\/2024\/12\/20240822_174539-768x576.jpg\" media=\"(max-width: 421px)\"><source srcset=\"https:\/\/www.camping-aure-pyrenees.com\/wp-content\/uploads\/2024\/12\/20240822_174539-1024x768.jpg\" media=\"(max-width: 1024px)\"><source srcset=\"https:\/\/www.camping-aure-pyrenees.com\/wp-content\/uploads\/2024\/12\/20240822_174539.jpg\" media=\"(min-width: 1025px)\"><img decoding=\"async\" width=\"450\" height=\"450\" src=\"https:\/\/www.camping-aure-pyrenees.com\/wp-content\/uploads\/2024\/12\/20240822_174539-210x210.jpg\" alt=\"Camping le Ruisseau \" loading=\"lazy\" title=\"\"><\/picture><\/figure><figure class=\"fc-galerie__item f-carousel__slide\" ><picture><source srcset=\"https:\/\/www.camping-aure-pyrenees.com\/wp-content\/uploads\/2024\/12\/20230811_112057-420x315.jpg\" media=\"(max-width: 210px)\"><source srcset=\"https:\/\/www.camping-aure-pyrenees.com\/wp-content\/uploads\/2024\/12\/20230811_112057-768x576.jpg\" media=\"(max-width: 421px)\"><source srcset=\"https:\/\/www.camping-aure-pyrenees.com\/wp-content\/uploads\/2024\/12\/20230811_112057-1024x768.jpg\" media=\"(max-width: 1024px)\"><source srcset=\"https:\/\/www.camping-aure-pyrenees.com\/wp-content\/uploads\/2024\/12\/20230811_112057.jpg\" media=\"(min-width: 1025px)\"><img decoding=\"async\" width=\"450\" height=\"450\" src=\"https:\/\/www.camping-aure-pyrenees.com\/wp-content\/uploads\/2024\/12\/20230811_112057-210x210.jpg\" alt=\"Camping le Ruisseau \" loading=\"lazy\" title=\"\"><\/picture><\/figure><figure class=\"fc-galerie__item f-carousel__slide\" ><picture><source srcset=\"https:\/\/www.camping-aure-pyrenees.com\/wp-content\/uploads\/2024\/12\/20240822_170610-420x315.jpg\" media=\"(max-width: 210px)\"><source srcset=\"https:\/\/www.camping-aure-pyrenees.com\/wp-content\/uploads\/2024\/12\/20240822_170610-768x576.jpg\" media=\"(max-width: 421px)\"><source srcset=\"https:\/\/www.camping-aure-pyrenees.com\/wp-content\/uploads\/2024\/12\/20240822_170610-1024x768.jpg\" media=\"(max-width: 1024px)\"><source srcset=\"https:\/\/www.camping-aure-pyrenees.com\/wp-content\/uploads\/2024\/12\/20240822_170610.jpg\" media=\"(min-width: 1025px)\"><img decoding=\"async\" width=\"450\" height=\"450\" src=\"https:\/\/www.camping-aure-pyrenees.com\/wp-content\/uploads\/2024\/12\/20240822_170610-210x210.jpg\" alt=\"Camping le Ruisseau \" loading=\"lazy\" title=\"\"><\/picture><\/figure><figure class=\"fc-galerie__item f-carousel__slide\" ><picture><source srcset=\"https:\/\/www.camping-aure-pyrenees.com\/wp-content\/uploads\/2024\/12\/20240822_170658-420x315.jpg\" media=\"(max-width: 210px)\"><source srcset=\"https:\/\/www.camping-aure-pyrenees.com\/wp-content\/uploads\/2024\/12\/20240822_170658-768x576.jpg\" media=\"(max-width: 421px)\"><source srcset=\"https:\/\/www.camping-aure-pyrenees.com\/wp-content\/uploads\/2024\/12\/20240822_170658-1024x768.jpg\" media=\"(max-width: 1024px)\"><source srcset=\"https:\/\/www.camping-aure-pyrenees.com\/wp-content\/uploads\/2024\/12\/20240822_170658.jpg\" media=\"(min-width: 1025px)\"><img decoding=\"async\" width=\"450\" height=\"450\" src=\"https:\/\/www.camping-aure-pyrenees.com\/wp-content\/uploads\/2024\/12\/20240822_170658-210x210.jpg\" alt=\"Camping le Ruisseau \" loading=\"lazy\" title=\"\"><\/picture><\/figure><figure class=\"fc-galerie__item f-carousel__slide\" ><picture><source srcset=\"https:\/\/www.camping-aure-pyrenees.com\/wp-content\/uploads\/2024\/12\/20240822_173954-420x315.jpg\" media=\"(max-width: 210px)\"><source srcset=\"https:\/\/www.camping-aure-pyrenees.com\/wp-content\/uploads\/2024\/12\/20240822_173954-768x576.jpg\" media=\"(max-width: 421px)\"><source srcset=\"https:\/\/www.camping-aure-pyrenees.com\/wp-content\/uploads\/2024\/12\/20240822_173954-1024x768.jpg\" media=\"(max-width: 1024px)\"><source srcset=\"https:\/\/www.camping-aure-pyrenees.com\/wp-content\/uploads\/2024\/12\/20240822_173954.jpg\" media=\"(min-width: 1025px)\"><img decoding=\"async\" width=\"450\" height=\"450\" src=\"https:\/\/www.camping-aure-pyrenees.com\/wp-content\/uploads\/2024\/12\/20240822_173954-210x210.jpg\" alt=\"Camping le Ruisseau \" loading=\"lazy\" title=\"\"><\/picture><\/figure><\/div><\/div><\/div>\n<ctv-availability data-product-type=\"pitch\" data-month=\"5\" data-begin-day=\"6\" data-background-color=\"#FFFFFF00\"><\/ctv-availability>\n<div class=\"fc-cover fade-up align-full\" style=\"\"><span style=\"filter: opacity(80%); background-color:var(--fond);\"><\/span><picture class=\"fc-cover__img \"><source srcset=\"https:\/\/www.camping-aure-pyrenees.com\/wp-content\/uploads\/2024\/08\/emplacement-pyrennees.jpg-420x279.webp\" media=\"(max-width: 210px)\"><source srcset=\"https:\/\/www.camping-aure-pyrenees.com\/wp-content\/uploads\/2024\/08\/emplacement-pyrennees.jpg-768x511.webp\" media=\"(max-width: 421px)\"><source srcset=\"https:\/\/www.camping-aure-pyrenees.com\/wp-content\/uploads\/2024\/08\/emplacement-pyrennees.jpg.webp\" media=\"(max-width: 1024px)\"><source srcset=\"https:\/\/www.camping-aure-pyrenees.com\/wp-content\/uploads\/2024\/08\/emplacement-pyrennees.jpg.webp\" media=\"(min-width: 1025px)\"><img loading=\"lazy\" decoding=\"async\" width=\"420\" height=\"210\" src=\"https:\/\/www.camping-aure-pyrenees.com\/wp-content\/uploads\/2024\/08\/emplacement-pyrennees.jpg-210x210.webp\" alt=\"Camping le Ruisseau \" title=\"\"><\/picture><div class=\"fc-cover__inner\" style=\"\"><h2 style=\"text-align: center;\">Tu parcela de camping en Gouaux<\/h2><p  style=\"text-align: center;\"  >Durante tus vacaciones en los Altos Pirineos, respirar\u00e1s aire puro en el camping Le Ruisseau, cerca del pico de Arbizon, de la reserva de N\u00e9ouvielle, con sus suntuosos lagos, y del valle de Rioumajou. Esta imponente y magn\u00edfica monta\u00f1a, el Pic de l&#8217;Arbizon, es accesible haciendo senderismo y ofrece magn\u00edficos paisajes de monta\u00f1a. <\/p><div class=\"fc-lireplus fc-mob\"style=\"\"><p  style=\"\"  >Leer m\u00e1s<\/p><div class=\"group\"><p  style=\"text-align: center;\"  >Amplias parcelas para tu tienda familiar, caravana o autocaravana. Nuestras parcelas de acampada est\u00e1n cerca de Saint-Lary-Soulan, en el coraz\u00f3n del Valle de Aure, con muchas oportunidades para pasear en familia y hacer excursiones GR, con dificultades para todos los niveles. Tambi\u00e9n hay magn\u00edficos paseos a poca distancia del camping.  <\/p><\/div><\/div><div class=\"boutons display-flex \" style=\"justify-content:center;\"><a href=\"https:\/\/www.camping-aure-pyrenees.com\/es\/mobile-homes-st-lary\/\" rel=\"noreferrer noopener\" rel=\"noreferrer noopener\" rel=\"noreferrer noopener\" rel=\"noreferrer noopener\" class=\"boutons__btn is-style-1\"><span class=\"fc-icon\"><svg xmlns=\"http:\/\/www.w3.org\/2000\/svg\"  viewBox=\"0 0 448 512\" width=\"16px\" height=\"16px\"><!--! Font Awesome Pro 6.4.2 by @fontawesome - https:\/\/fontawesome.com License - https:\/\/fontawesome.com\/license (Commercial License) Copyright 2023 Fonticons, Inc.--><path d=\"M443.3 267.3c6.2-6.2 6.2-16.4 0-22.6l-176-176c-6.2-6.2-16.4-6.2-22.6 0s-6.2 16.4 0 22.6L393.4 240 16 240c-8.8 0-16 7.2-16 16s7.2 16 16 16l377.4 0L244.7 420.7c-6.2 6.2-6.2 16.4 0 22.6s16.4 6.2 22.6 0l176-176z\"\/><\/svg><\/span>  Ver los alquileres<\/a><\/div><\/div><\/div><div class=\"columns sec-05\" style=\"align-items:center;\"><div class=\"columns__item parallax-down\" style=\"align-self:center;\"><div class=\"fc-galerie col-4 f-carousel fc-diapo\" data-fancybox=\"gallery\"><figure class=\"fc-galerie__item f-carousel__slide\" ><picture><source srcset=\"https:\/\/www.camping-aure-pyrenees.com\/wp-content\/uploads\/2024\/12\/20230811_110411-420x315.jpg\" media=\"(max-width: 210px)\"><source srcset=\"https:\/\/www.camping-aure-pyrenees.com\/wp-content\/uploads\/2024\/12\/20230811_110411-768x576.jpg\" media=\"(max-width: 421px)\"><source srcset=\"https:\/\/www.camping-aure-pyrenees.com\/wp-content\/uploads\/2024\/12\/20230811_110411-1024x768.jpg\" media=\"(max-width: 1024px)\"><source srcset=\"https:\/\/www.camping-aure-pyrenees.com\/wp-content\/uploads\/2024\/12\/20230811_110411.jpg\" media=\"(min-width: 1025px)\"><img decoding=\"async\" width=\"450\" height=\"450\" src=\"https:\/\/www.camping-aure-pyrenees.com\/wp-content\/uploads\/2024\/12\/20230811_110411-210x210.jpg\" alt=\"Camping le Ruisseau \" loading=\"lazy\" title=\"\"><\/picture><\/figure><figure class=\"fc-galerie__item f-carousel__slide\" ><picture><source srcset=\"https:\/\/www.camping-aure-pyrenees.com\/wp-content\/uploads\/2024\/12\/20240822_174107-420x315.jpg\" media=\"(max-width: 210px)\"><source srcset=\"https:\/\/www.camping-aure-pyrenees.com\/wp-content\/uploads\/2024\/12\/20240822_174107-768x576.jpg\" media=\"(max-width: 421px)\"><source srcset=\"https:\/\/www.camping-aure-pyrenees.com\/wp-content\/uploads\/2024\/12\/20240822_174107-1024x768.jpg\" media=\"(max-width: 1024px)\"><source srcset=\"https:\/\/www.camping-aure-pyrenees.com\/wp-content\/uploads\/2024\/12\/20240822_174107.jpg\" media=\"(min-width: 1025px)\"><img decoding=\"async\" width=\"450\" height=\"450\" src=\"https:\/\/www.camping-aure-pyrenees.com\/wp-content\/uploads\/2024\/12\/20240822_174107-210x210.jpg\" alt=\"Camping le Ruisseau \" loading=\"lazy\" title=\"\"><\/picture><\/figure><figure class=\"fc-galerie__item deco-gradient__bottom f-carousel__slide\" ><picture><source srcset=\"https:\/\/www.camping-aure-pyrenees.com\/wp-content\/uploads\/2024\/10\/20240822_174322-jpg-420x315.jpg\" media=\"(max-width: 210px)\"><source srcset=\"https:\/\/www.camping-aure-pyrenees.com\/wp-content\/uploads\/2024\/10\/20240822_174322-jpg-768x576.jpg\" media=\"(max-width: 421px)\"><source srcset=\"https:\/\/www.camping-aure-pyrenees.com\/wp-content\/uploads\/2024\/10\/20240822_174322-jpg-1024x768.jpg\" media=\"(max-width: 1024px)\"><source srcset=\"https:\/\/www.camping-aure-pyrenees.com\/wp-content\/uploads\/2024\/10\/20240822_174322-jpg.jpg\" media=\"(min-width: 1025px)\"><img decoding=\"async\" width=\"450\" height=\"450\" src=\"https:\/\/www.camping-aure-pyrenees.com\/wp-content\/uploads\/2024\/10\/20240822_174322-jpg-210x210.jpg\" alt=\"Camping le Ruisseau \" loading=\"lazy\" title=\"\"><\/picture><\/figure><figure class=\"fc-galerie__item f-carousel__slide\" ><picture><source srcset=\"https:\/\/www.camping-aure-pyrenees.com\/wp-content\/uploads\/2024\/12\/20240822_174211-420x315.jpg\" media=\"(max-width: 210px)\"><source srcset=\"https:\/\/www.camping-aure-pyrenees.com\/wp-content\/uploads\/2024\/12\/20240822_174211-768x576.jpg\" media=\"(max-width: 421px)\"><source srcset=\"https:\/\/www.camping-aure-pyrenees.com\/wp-content\/uploads\/2024\/12\/20240822_174211-1024x768.jpg\" media=\"(max-width: 1024px)\"><source srcset=\"https:\/\/www.camping-aure-pyrenees.com\/wp-content\/uploads\/2024\/12\/20240822_174211.jpg\" media=\"(min-width: 1025px)\"><img decoding=\"async\" width=\"450\" height=\"450\" src=\"https:\/\/www.camping-aure-pyrenees.com\/wp-content\/uploads\/2024\/12\/20240822_174211-210x210.jpg\" alt=\"Camping le Ruisseau \" loading=\"lazy\" title=\"\"><\/picture><\/figure><figure class=\"fc-galerie__item f-carousel__slide\" ><picture><source srcset=\"https:\/\/www.camping-aure-pyrenees.com\/wp-content\/uploads\/2024\/12\/20240822_174326-420x315.jpg\" media=\"(max-width: 210px)\"><source srcset=\"https:\/\/www.camping-aure-pyrenees.com\/wp-content\/uploads\/2024\/12\/20240822_174326-768x576.jpg\" media=\"(max-width: 421px)\"><source srcset=\"https:\/\/www.camping-aure-pyrenees.com\/wp-content\/uploads\/2024\/12\/20240822_174326-1024x768.jpg\" media=\"(max-width: 1024px)\"><source srcset=\"https:\/\/www.camping-aure-pyrenees.com\/wp-content\/uploads\/2024\/12\/20240822_174326.jpg\" media=\"(min-width: 1025px)\"><img decoding=\"async\" width=\"450\" height=\"450\" src=\"https:\/\/www.camping-aure-pyrenees.com\/wp-content\/uploads\/2024\/12\/20240822_174326-210x210.jpg\" alt=\"Camping le Ruisseau \" loading=\"lazy\" title=\"\"><\/picture><\/figure><\/div><\/div><div class=\"columns__item has-gris-background-color has-background\" style=\"align-self:center;background-color:var(--gris);\"><p class=\"h2\" style=\"color: var(--orange);\"  >Vacaciones familiares en plena naturaleza<\/p><p  style=\"color: var(--fond);\"  >Nuestro objetivo es ofrecer a nuestros hu\u00e9spedes una experiencia inolvidable en la naturaleza. Estamos a tu disposici\u00f3n para informarte sobre las actividades de la regi\u00f3n o sugerirte actividades durante la temporada de verano. Durante las vacaciones escolares de verano, ofrecemos una copa de bienvenida para presentarte nuestras actividades, a nuestros socios y guiarte en tu elecci\u00f3n de excursiones\/actividades.  <\/p><div class=\"fc-lireplus fc-desk\"style=\"\"><p  style=\"color: var(--fond);\"  >Leer m\u00e1s<\/p><div class=\"group\"><p  style=\"color: var(--fond);\"  >Confeccionaremos para ti una lista de lugares para hacer senderismo y la actualizaremos peri\u00f3dicamente en funci\u00f3n de tus necesidades y deseos. Disponemos de los datos de contacto de l\u00edderes de monta\u00f1a, gu\u00edas e instructores que te acompa\u00f1ar\u00e1n en tus actividades. <\/p><p  style=\"color: var(--fond);\"  >Instalaciones de ocio en el camping: zonas de juegos infantiles con columpios y toboganes, mesas de ping-pong, futbol\u00edn para grandes y peque\u00f1os, y una pista de homeball&#8230; Podemos prestarte pelotas, raquetas y balones. Hay otros juegos disponibles en recepci\u00f3n. <\/p><p  style=\"color: var(--fond);\" id=\"481\" >Visita nuestra <a style=\"color: var(--fond);\" href=\"https:\/\/www.camping-aure-pyrenees.com\/es\/camping-familiar-pirineos\/\" data-type=\"page\" data-id=\"481\">p\u00e1gina de instalaciones del<\/a> camping para obtener m\u00e1s informaci\u00f3n.<\/p><\/div><\/div><\/div><\/div>","protected":false},"excerpt":{"rendered":"<p>Tu parcela de camping en los Pirineos Sombreadas, parcialmente sombreadas o soleadas, nuestras parcelas son espaciosas (unos 100m2), y la mayor\u00eda tienen vistas a las monta\u00f1as. Disponemos opcionalmente de conexi\u00f3n el\u00e9ctrica de 4 \u00f3 6 amperios. Tu veh\u00edculo es bienvenido en tu parcela. Hay aparcamiento para varios veh\u00edculos. Las mascotas son bienvenidas bajo ciertas condiciones [&hellip;]<\/p>\n","protected":false},"author":1,"featured_media":0,"parent":0,"menu_order":0,"comment_status":"closed","ping_status":"closed","template":"","meta":{"_acf_changed":false,"footnotes":""},"acf":[],"_links":{"self":[{"href":"https:\/\/www.camping-aure-pyrenees.com\/es\/wp-json\/wp\/v2\/pages\/1405"}],"collection":[{"href":"https:\/\/www.camping-aure-pyrenees.com\/es\/wp-json\/wp\/v2\/pages"}],"about":[{"href":"https:\/\/www.camping-aure-pyrenees.com\/es\/wp-json\/wp\/v2\/types\/page"}],"author":[{"embeddable":true,"href":"https:\/\/www.camping-aure-pyrenees.com\/es\/wp-json\/wp\/v2\/users\/1"}],"replies":[{"embeddable":true,"href":"https:\/\/www.camping-aure-pyrenees.com\/es\/wp-json\/wp\/v2\/comments?post=1405"}],"version-history":[{"count":13,"href":"https:\/\/www.camping-aure-pyrenees.com\/es\/wp-json\/wp\/v2\/pages\/1405\/revisions"}],"predecessor-version":[{"id":3032,"href":"https:\/\/www.camping-aure-pyrenees.com\/es\/wp-json\/wp\/v2\/pages\/1405\/revisions\/3032"}],"wp:attachment":[{"href":"https:\/\/www.camping-aure-pyrenees.com\/es\/wp-json\/wp\/v2\/media?parent=1405"}],"curies":[{"name":"wp","href":"https:\/\/api.w.org\/{rel}","templated":true}]}}