{"id":2659,"date":"2024-11-29T16:10:59","date_gmt":"2024-11-29T15:10:59","guid":{"rendered":"https:\/\/www.camping-aure-pyrenees.com\/nos-valeurs-ecologiques\/"},"modified":"2024-12-18T13:27:45","modified_gmt":"2024-12-18T12:27:45","slug":"nos-valeurs-ecologiques","status":"publish","type":"page","link":"https:\/\/www.camping-aure-pyrenees.com\/es\/nos-valeurs-ecologiques\/","title":{"rendered":"Nuestros valores ecol\u00f3gicos"},"content":{"rendered":"<div class=\"diaporama-header align-full\"><div class=\"fc-galerie\"><figure class=\"fc-galerie__item\" ><picture><source srcset=\"https:\/\/www.camping-aure-pyrenees.com\/wp-content\/uploads\/2024\/10\/IMG-20240927-WA0021-420x280.jpg\" media=\"(max-width: 210px)\"><source srcset=\"https:\/\/www.camping-aure-pyrenees.com\/wp-content\/uploads\/2024\/10\/IMG-20240927-WA0021-768x512.jpg\" media=\"(max-width: 421px)\"><source srcset=\"https:\/\/www.camping-aure-pyrenees.com\/wp-content\/uploads\/2024\/10\/IMG-20240927-WA0021-1024x682.jpg\" media=\"(max-width: 1024px)\"><source srcset=\"https:\/\/www.camping-aure-pyrenees.com\/wp-content\/uploads\/2024\/10\/IMG-20240927-WA0021.jpg\" media=\"(min-width: 1025px)\"><img fetchpriority=\"high\" decoding=\"async\" width=\"450\" height=\"450\" src=\"https:\/\/www.camping-aure-pyrenees.com\/wp-content\/uploads\/2024\/10\/IMG-20240927-WA0021-210x210.jpg\" alt=\"Camping le Ruisseau \" loading=\"eager\" title=\"\"><\/picture><\/figure><\/div><div class=\"diaporama-header__inner\"><\/div><\/div><h1 style=\"text-align: center;\">Ecolog\u00eda en el camping<\/h1><p  style=\"text-align: center;\"  >El camping Le Ruisseau est\u00e1 situado en Gouaux, en un magn\u00edfico pueblo t\u00edpicamente pirenaico, apartado de la carretera en un aut\u00e9ntico entorno de monta\u00f1a. El camping est\u00e1 situado en una zona virgen, donde el respeto al medio ambiente es natural y esencial para nosotros. Cada d\u00eda trabajamos para preservar este entorno natural.  <\/p><div class=\"columns sec-10 align-full\"><div class=\"columns__item\"><div class=\"group fade-up\"><h2 class=\"h3\">Nuestra pol\u00edtica de compra responsable :<\/h2><p  style=\"\"  >Encontrar\u00e1s toda una gama de jabones, champ\u00fas, estropajos, b\u00e1lsamos, geles de ducha, etc. respetuosos con el medio ambiente, elaborados por un artesano local y sin ingredientes nocivos.<\/p><p  style=\"\"  >Tambi\u00e9n vendemos comestibles de productores locales del Suroeste, para fomentar una cadena de suministro corta, al igual que el vino, que procede de un productor local.<\/p><p  style=\"\"  >Nuestra cerveza es casera y de producci\u00f3n local, para favorecer una cadena de suministro corta.<\/p><p  style=\"\"  >Nuestras hamburguesas y pizzas, a la venta en el snack bar, se elaboran en la medida de lo posible con productos locales. El queso de cabra utilizado en nuestros platos procede directamente de la granja de cabras Gouaux. <\/p><\/div><\/div><div class=\"columns__item\"><div class=\"group fade-up\"><h2>Gesti\u00f3n del agua :<\/h2><p  style=\"\"  >El pueblo de Gouaux es autosuficiente en agua, lo que significa que estamos muy atentos a nuestro consumo, y esto explica por qu\u00e9 hemos optado por no tener piscina y ofrecer en su lugar actividades gratuitas. Estamos llevando a cabo una campa\u00f1a de sensibilizaci\u00f3n sobre la necesidad de respetar el agua entre todos nuestros turistas, a trav\u00e9s de nuestros carteles, nuestras explicaciones en la copa de bienvenida, nuestro folleto de bienvenida y nuestro folleto digital de bienvenida. <\/p><p  style=\"\"  >Nuestra lavadora colectiva, homologada por ADEME, utiliza menos agua.<\/p><p  style=\"\"  >Preferimos flores\/plantas que necesiten poca agua.<\/p><p  style=\"\"  >Actualmente estamos estudiando la posibilidad de reciclar el agua de las duchas de nuestra red.<\/p><\/div><\/div><\/div><div class=\"columns sec-10 has-gris-background-color has-background align-full\" style=\"background-color:var(--gris);\"><div class=\"columns__item\"><h2 style=\"color: var(--fond);\">Gesti\u00f3n de residuos :<\/h2><p  style=\"color: var(--fond);\"  >En el camping, encontrar\u00e1s un compostador, bio-cubos a tu disposici\u00f3n y bolsas de clasificaci\u00f3n selectiva en cada casa m\u00f3vil y a disposici\u00f3n de todos.<\/p><p  style=\"color: var(--fond);\"  >Como en todas partes, reciclamos tus pilas usadas, bombillas y botellas vac\u00edas de camping-gas.<\/p><p  style=\"color: var(--fond);\"  >Todas nuestras bebidas de hospitalidad\/otros puertos se sirven en ecocupas. Nos esforzamos al m\u00e1ximo por reducir los envases individuales siempre que es posible. <\/p><p  style=\"color: var(--fond);\"  >Amandine, diplomada de la Escuela de Bellas Artes, est\u00e1 especializada en obras realizadas con materiales reciclados. Estar\u00e1 encantada de presentarte a ti y a tus hijos su prometedor arte. <\/p><\/div><div class=\"columns__item\"><h2 class=\"h3\" style=\"color: var(--fond);\">Ahorrar energ\u00eda\/reducir el consumo :<\/h2><p  style=\"color: var(--fond);\"  >  Utilizamos tanta iluminaci\u00f3n solar y\/o LED como nos es posible.<\/p><p  style=\"color: var(--fond);\"  >Nuestra lavadora con certificaci\u00f3n ADEME y nuestra secadora con bomba de calor est\u00e1n especialmente dise\u00f1adas para consumir muy poca energ\u00eda.<\/p><p  style=\"color: var(--fond);\"  >Nuestro equipo est\u00e1 muy sensibilizado y concienciado con la protecci\u00f3n del medio ambiente, e incorpora este esp\u00edritu ecorresponsable a su trabajo diario.<\/p><p  style=\"color: var(--fond);\"  >Tambi\u00e9n utilizamos un carrito el\u00e9ctrico y una bicicleta el\u00e9ctrica.<\/p><p  style=\"color: var(--fond);\"  >Para que podamos hacer frente a los costes adicionales derivados de la aplicaci\u00f3n de estas medidas, hemos introducido una ecotasa de 0,40 c\u00e9ntimos de euro por persona y noche. Esperamos que lo comprendas y nos ayudes a concienciarnos.<\/p><\/div><\/div>","protected":false},"excerpt":{"rendered":"<p>Ecolog\u00eda en el camping El camping Le Ruisseau est\u00e1 situado en Gouaux, en un magn\u00edfico pueblo t\u00edpicamente pirenaico, apartado de la carretera en un aut\u00e9ntico entorno de monta\u00f1a. El camping est\u00e1 situado en una zona virgen, donde el respeto al medio ambiente es natural y esencial para nosotros. Cada d\u00eda trabajamos para preservar este entorno [&hellip;]<\/p>\n","protected":false},"author":1,"featured_media":0,"parent":0,"menu_order":0,"comment_status":"closed","ping_status":"closed","template":"","meta":{"_acf_changed":false,"footnotes":""},"acf":[],"_links":{"self":[{"href":"https:\/\/www.camping-aure-pyrenees.com\/es\/wp-json\/wp\/v2\/pages\/2659"}],"collection":[{"href":"https:\/\/www.camping-aure-pyrenees.com\/es\/wp-json\/wp\/v2\/pages"}],"about":[{"href":"https:\/\/www.camping-aure-pyrenees.com\/es\/wp-json\/wp\/v2\/types\/page"}],"author":[{"embeddable":true,"href":"https:\/\/www.camping-aure-pyrenees.com\/es\/wp-json\/wp\/v2\/users\/1"}],"replies":[{"embeddable":true,"href":"https:\/\/www.camping-aure-pyrenees.com\/es\/wp-json\/wp\/v2\/comments?post=2659"}],"version-history":[{"count":1,"href":"https:\/\/www.camping-aure-pyrenees.com\/es\/wp-json\/wp\/v2\/pages\/2659\/revisions"}],"predecessor-version":[{"id":2660,"href":"https:\/\/www.camping-aure-pyrenees.com\/es\/wp-json\/wp\/v2\/pages\/2659\/revisions\/2660"}],"wp:attachment":[{"href":"https:\/\/www.camping-aure-pyrenees.com\/es\/wp-json\/wp\/v2\/media?parent=2659"}],"curies":[{"name":"wp","href":"https:\/\/api.w.org\/{rel}","templated":true}]}}